{"id":14014,"date":"2025-04-29T14:25:08","date_gmt":"2025-04-29T07:25:08","guid":{"rendered":"https:\/\/vietnamtinhhoa.edu.vn\/advisory-board\/"},"modified":"2025-05-09T19:56:28","modified_gmt":"2025-05-09T12:56:28","slug":"advisory-board","status":"publish","type":"page","link":"https:\/\/vietnamtinhhoa.edu.vn\/vi\/advisory-board\/","title":{"rendered":"Ban C\u1ed1 V\u1ea5n"},"content":{"rendered":"\t\t<div data-elementor-type=\"wp-page\" data-elementor-id=\"14014\" class=\"elementor elementor-14014 elementor-13971\" data-elementor-post-type=\"page\">\n\t\t\t\t\t\t<section class=\"elementor-section elementor-top-section elementor-element elementor-element-6937496 elementor-section-boxed elementor-section-height-default elementor-section-height-default e-parent\" data-id=\"6937496\" data-element_type=\"section\" data-e-type=\"section\">\n\t\t\t\t\t\t<div class=\"elementor-container elementor-column-gap-default\">\n\t\t\t\t\t<div class=\"elementor-column elementor-col-100 elementor-top-column elementor-element elementor-element-b8d232a lakit-col-width-auto-no\" data-id=\"b8d232a\" data-element_type=\"column\" data-e-type=\"column\">\n\t\t\t<div class=\"elementor-widget-wrap elementor-element-populated\">\n\t\t\t\t\t\t<div class=\"elementor-element elementor-element-0bfa23b elementor-widget elementor-widget-shortcode\" data-id=\"0bfa23b\" data-element_type=\"widget\" data-e-type=\"widget\" data-widget_type=\"shortcode.default\">\n\t\t\t\t<div class=\"elementor-widget-container\">\n\t\t\t\t\t\t\t<div class=\"elementor-shortcode\"><nav aria-label=\"breadcrumbs\" class=\"rank-math-breadcrumb\"><p><span class=\"last\">Home<\/span><\/p><\/nav><\/div>\n\t\t\t\t\t\t<\/div>\n\t\t\t\t<\/div>\n\t\t\t\t\t<\/div>\n\t\t<\/div>\n\t\t\t\t\t<\/div>\n\t\t<\/section>\n\t\t\t\t<section class=\"elementor-section elementor-top-section elementor-element elementor-element-87fb3a6 elementor-section-boxed elementor-section-height-default elementor-section-height-default e-parent\" data-id=\"87fb3a6\" data-element_type=\"section\" data-e-type=\"section\">\n\t\t\t\t\t\t<div class=\"elementor-container elementor-column-gap-default\">\n\t\t\t\t\t<div class=\"elementor-column elementor-col-100 elementor-top-column elementor-element elementor-element-ca6f463 lakit-col-width-auto-no\" data-id=\"ca6f463\" data-element_type=\"column\" data-e-type=\"column\">\n\t\t\t<div class=\"elementor-widget-wrap elementor-element-populated\">\n\t\t\t\t\t\t<div class=\"elementor-element elementor-element-972a7aa elementor-widget elementor-widget-heading\" data-id=\"972a7aa\" data-element_type=\"widget\" data-e-type=\"widget\" data-widget_type=\"heading.default\">\n\t\t\t\t<div class=\"elementor-widget-container\">\n\t\t\t\t\t<h2 class=\"elementor-heading-title elementor-size-default\">T\u1ea6M NH\u00ccN T\u01af\u01a0NG LAI VI\u1ec6T NAM TINH HOA C\u00d9NG C\u00c1C CHUY\u00caN GIA H\u00c0NG \u0110\u1ea6U <\/h2>\t\t\t\t<\/div>\n\t\t\t\t<\/div>\n\t\t\t\t<div class=\"elementor-element elementor-element-1476331 elementor-widget elementor-widget-text-editor\" data-id=\"1476331\" data-element_type=\"widget\" data-e-type=\"widget\" data-widget_type=\"text-editor.default\">\n\t\t\t\t<div class=\"elementor-widget-container\">\n\t\t\t\t\t\t\t\t\t<p>Vi\u1ec7t Nam Tinh Hoa t\u1ef1 h\u00e0o \u0111\u01b0\u1ee3c \u0111\u1ed3ng h\u00e0nh c\u00f9ng \u0111\u1ed9i ng\u0169 Ban C\u1ed1 V\u1ea5n g\u1ed3m c\u00e1c chuy\u00ean gia uy t\u00edn, d\u00e0y d\u1eb7n kinh nghi\u1ec7m trong c\u00e1c l\u0129nh v\u1ef1c t\u00e0i ch\u00ednh, \u0111\u1ea7u t\u01b0, t\u01b0 v\u1ea5n gi\u00e1o d\u1ee5c v\u00e0 ph\u00e1t tri\u1ec3n th\u01b0\u01a1ng hi\u1ec7u. S\u1ef1 c\u1ed1 v\u1ea5n c\u1ee7a h\u1ecd l\u00e0 n\u1ec1n t\u1ea3ng v\u1eefng ch\u1eafc h\u1ed7 tr\u1ee3 nh\u00e0 tr\u01b0\u1eddng trong vi\u1ec7c ho\u1ea1ch \u0111\u1ecbnh chi\u1ebfn l\u01b0\u1ee3c ph\u00e1t tri\u1ec3n to\u00e0n di\u1ec7n, \u0111\u1ed3ng th\u1eddi mang \u0111\u1ebfn nh\u1eefng g\u00f3c nh\u00ecn s\u00e2u s\u1eafc v\u1ec1 xu th\u1ebf ng\u00e0nh, x\u00e2y d\u1ef1ng ch\u01b0\u01a1ng tr\u00ecnh h\u1ecdc v\u00e0 ph\u00e1t tri\u1ec3n \u0111\u1ecbnh h\u01b0\u1edbng t\u01b0\u01a1ng lai cho h\u1ecdc sinh.<\/p>\t\t\t\t\t\t\t\t<\/div>\n\t\t\t\t<\/div>\n\t\t\t\t\t<\/div>\n\t\t<\/div>\n\t\t\t\t\t<\/div>\n\t\t<\/section>\n\t\t\t\t<section class=\"elementor-section elementor-top-section elementor-element elementor-element-e60edb8 elementor-section-boxed elementor-section-height-default elementor-section-height-default e-parent\" data-id=\"e60edb8\" data-element_type=\"section\" data-e-type=\"section\">\n\t\t\t\t\t\t<div class=\"elementor-container elementor-column-gap-default\">\n\t\t\t\t\t<div class=\"elementor-column elementor-col-33 elementor-top-column elementor-element elementor-element-0f5ebf9 lakit-col-width-auto-no\" data-id=\"0f5ebf9\" data-element_type=\"column\" data-e-type=\"column\">\n\t\t\t<div class=\"elementor-widget-wrap elementor-element-populated\">\n\t\t\t\t\t\t<div class=\"elementor-element elementor-element-f271089 ad_scroll pp-info-box-top elementor-widget elementor-widget-pp-info-box\" data-id=\"f271089\" data-element_type=\"widget\" data-e-type=\"widget\" data-settings=\"{&quot;icon_position&quot;:&quot;top&quot;}\" data-widget_type=\"pp-info-box.default\">\n\t\t\t\t<div class=\"elementor-widget-container\">\n\t\t\t\t\t\t\t<div class=\"pp-info-box-container\">\n\t\t\t<div class=\"pp-info-box\">\n\t\t\t\t\t\t\t\t\t<div class=\"pp-info-box-icon-wrap\">\n\t\t\t\t\t\t\t\t\t\t\t\t\t\t<span class=\"pp-info-box-icon pp-icon\">\n\t\t\t<img fetchpriority=\"high\" decoding=\"async\" width=\"800\" height=\"800\" src=\"https:\/\/vietnamtinhhoa.edu.vn\/wp-content\/uploads\/VNTH-Ban-co-van-1.png\" class=\"attachment-full size-full wp-image-13973\" alt=\"\" title=\"\" srcset=\"https:\/\/vietnamtinhhoa.edu.vn\/wp-content\/uploads\/VNTH-Ban-co-van-1.png 800w, https:\/\/vietnamtinhhoa.edu.vn\/wp-content\/uploads\/VNTH-Ban-co-van-1-300x300.png 300w, https:\/\/vietnamtinhhoa.edu.vn\/wp-content\/uploads\/VNTH-Ban-co-van-1-150x150.png 150w, https:\/\/vietnamtinhhoa.edu.vn\/wp-content\/uploads\/VNTH-Ban-co-van-1-768x768.png 768w\" sizes=\"(max-width: 800px) 100vw, 800px\" \/>\t\t<\/span>\n\t\t\t\t\t\t\t\t\t\t\t\t\t<\/div>\n\t\t\t\t\t\t\t\t<div class=\"pp-info-box-content\">\n\t\t\t\t\t<div class=\"pp-info-box-title-wrap\">\n\t\t\t\t\t\t\t\t\t\t\t\t\t<div class=\"pp-info-box-title-container\">\n\t\t\t\t\t\t\t\t<h4 class=\"pp-info-box-title\">\n\t\t\t\t\t\t\t\t\t\u00d4ng Louis Nguyen\t\t\t\t\t\t\t\t<\/h4>\n\t\t\t\t\t\t\t<\/div>\n\t\t\t\t\t\t\t\t\t\t\t\t<\/div>\n\n\t\t\t\t\t\n\t\t\t\t\t\t\t\t\t\t\t<div class=\"pp-info-box-description\">\n\t\t\t\t\t\t\t<p>Ch\u1ee7 t\u1ecbch ki\u00eam T\u1ed5ng Gi\u00e1m \u0111\u1ed1c c\u1ee7a Saigon Asset Management, Nh\u00e0 s\u00e1ng l\u1eadp v\u00e0 Ch\u1ee7 t\u1ecbch \u0111\u1ea7u ti\u00ean c\u1ee7a Capital Markets and Financial Services Committee (CMFSC). \u00d4ng c\u0169ng \u0111\u01b0\u1ee3c bi\u1ebft \u0111\u1ebfn v\u1edbi vai tr\u00f2 \u201cShark Louis\u201d trong Shark Tank Vietnam, v\u1edbi h\u01a1n 20 n\u0103m kinh nghi\u1ec7m \u0111\u1ea7u t\u01b0 v\u00e0 qu\u1ea3n l\u00fd t\u1ea1i Vi\u1ec7t Nam v\u00e0 Hoa K\u1ef3.<\/p>\t\t\t\t\t\t<\/div>\n\t\t\t\t\t\t\t\t\t\t\t\t\t\t<\/div>\n\t\t\t<\/div>\n\t\t<\/div>\n\t\t\t\t\t\t<\/div>\n\t\t\t\t<\/div>\n\t\t\t\t\t<\/div>\n\t\t<\/div>\n\t\t\t\t<div class=\"elementor-column elementor-col-33 elementor-top-column elementor-element elementor-element-b1ed10c lakit-col-width-auto-no\" data-id=\"b1ed10c\" data-element_type=\"column\" data-e-type=\"column\">\n\t\t\t<div class=\"elementor-widget-wrap elementor-element-populated\">\n\t\t\t\t\t\t<div class=\"elementor-element elementor-element-b7cd668 ad_scroll pp-info-box-top elementor-widget elementor-widget-pp-info-box\" data-id=\"b7cd668\" data-element_type=\"widget\" data-e-type=\"widget\" data-settings=\"{&quot;icon_position&quot;:&quot;top&quot;}\" data-widget_type=\"pp-info-box.default\">\n\t\t\t\t<div class=\"elementor-widget-container\">\n\t\t\t\t\t\t\t<div class=\"pp-info-box-container\">\n\t\t\t<div class=\"pp-info-box\">\n\t\t\t\t\t\t\t\t\t<div class=\"pp-info-box-icon-wrap\">\n\t\t\t\t\t\t\t\t\t\t\t\t\t\t<span class=\"pp-info-box-icon pp-icon\">\n\t\t\t<img decoding=\"async\" width=\"800\" height=\"800\" src=\"https:\/\/vietnamtinhhoa.edu.vn\/wp-content\/uploads\/VNTH-Ban-co-van-2.png\" class=\"attachment-full size-full wp-image-13976\" alt=\"\" title=\"\" srcset=\"https:\/\/vietnamtinhhoa.edu.vn\/wp-content\/uploads\/VNTH-Ban-co-van-2.png 800w, https:\/\/vietnamtinhhoa.edu.vn\/wp-content\/uploads\/VNTH-Ban-co-van-2-300x300.png 300w, https:\/\/vietnamtinhhoa.edu.vn\/wp-content\/uploads\/VNTH-Ban-co-van-2-150x150.png 150w, https:\/\/vietnamtinhhoa.edu.vn\/wp-content\/uploads\/VNTH-Ban-co-van-2-768x768.png 768w\" sizes=\"(max-width: 800px) 100vw, 800px\" \/>\t\t<\/span>\n\t\t\t\t\t\t\t\t\t\t\t\t\t<\/div>\n\t\t\t\t\t\t\t\t<div class=\"pp-info-box-content\">\n\t\t\t\t\t<div class=\"pp-info-box-title-wrap\">\n\t\t\t\t\t\t\t\t\t\t\t\t\t<div class=\"pp-info-box-title-container\">\n\t\t\t\t\t\t\t\t<h4 class=\"pp-info-box-title\">\n\t\t\t\t\t\t\t\t\t\u00d4ng Binh Pham\t\t\t\t\t\t\t\t<\/h4>\n\t\t\t\t\t\t\t<\/div>\n\t\t\t\t\t\t\t\t\t\t\t\t<\/div>\n\n\t\t\t\t\t\n\t\t\t\t\t\t\t\t\t\t\t<div class=\"pp-info-box-description\">\n\t\t\t\t\t\t\t<p>Nh\u00e0 s\u00e1ng l\u1eadp BCA Partners, \u00f4ng Binh Pham s\u1edf h\u1eefu h\u01a1n 20 n\u0103m kinh nghi\u1ec7m trong l\u0129nh v\u1ef1c ng\u00e2n h\u00e0ng, t\u00e0i ch\u00ednh v\u00e0 \u0111\u1ea7u t\u01b0, t\u1eebng gi\u1eef nhi\u1ec1u v\u1ecb tr\u00ed l\u00e3nh \u0111\u1ea1o t\u1ea1i c\u00e1c t\u1ed5 ch\u1ee9c qu\u1ed1c t\u1ebf uy t\u00edn.<\/p>\t\t\t\t\t\t<\/div>\n\t\t\t\t\t\t\t\t\t\t\t\t\t\t<\/div>\n\t\t\t<\/div>\n\t\t<\/div>\n\t\t\t\t\t\t<\/div>\n\t\t\t\t<\/div>\n\t\t\t\t\t<\/div>\n\t\t<\/div>\n\t\t\t\t<div class=\"elementor-column elementor-col-33 elementor-top-column elementor-element elementor-element-fa4f4db lakit-col-width-auto-no\" data-id=\"fa4f4db\" data-element_type=\"column\" data-e-type=\"column\">\n\t\t\t<div class=\"elementor-widget-wrap elementor-element-populated\">\n\t\t\t\t\t\t<div class=\"elementor-element elementor-element-3b76505 ad_scroll pp-info-box-top elementor-widget elementor-widget-pp-info-box\" data-id=\"3b76505\" data-element_type=\"widget\" data-e-type=\"widget\" data-settings=\"{&quot;icon_position&quot;:&quot;top&quot;}\" data-widget_type=\"pp-info-box.default\">\n\t\t\t\t<div class=\"elementor-widget-container\">\n\t\t\t\t\t\t\t<div class=\"pp-info-box-container\">\n\t\t\t<div class=\"pp-info-box\">\n\t\t\t\t\t\t\t\t\t<div class=\"pp-info-box-icon-wrap\">\n\t\t\t\t\t\t\t\t\t\t\t\t\t\t<span class=\"pp-info-box-icon pp-icon\">\n\t\t\t<img decoding=\"async\" width=\"800\" height=\"800\" src=\"https:\/\/vietnamtinhhoa.edu.vn\/wp-content\/uploads\/VNTH-Ban-co-van-5.png\" class=\"attachment-full size-full wp-image-13980\" alt=\"\" title=\"\" srcset=\"https:\/\/vietnamtinhhoa.edu.vn\/wp-content\/uploads\/VNTH-Ban-co-van-5.png 800w, https:\/\/vietnamtinhhoa.edu.vn\/wp-content\/uploads\/VNTH-Ban-co-van-5-300x300.png 300w, https:\/\/vietnamtinhhoa.edu.vn\/wp-content\/uploads\/VNTH-Ban-co-van-5-150x150.png 150w, https:\/\/vietnamtinhhoa.edu.vn\/wp-content\/uploads\/VNTH-Ban-co-van-5-768x768.png 768w\" sizes=\"(max-width: 800px) 100vw, 800px\" \/>\t\t<\/span>\n\t\t\t\t\t\t\t\t\t\t\t\t\t<\/div>\n\t\t\t\t\t\t\t\t<div class=\"pp-info-box-content\">\n\t\t\t\t\t<div class=\"pp-info-box-title-wrap\">\n\t\t\t\t\t\t\t\t\t\t\t\t\t<div class=\"pp-info-box-title-container\">\n\t\t\t\t\t\t\t\t<h4 class=\"pp-info-box-title\">\n\t\t\t\t\t\t\t\t\t\u00d4ng Christopher D. Vu\t\t\t\t\t\t\t\t<\/h4>\n\t\t\t\t\t\t\t<\/div>\n\t\t\t\t\t\t\t\t\t\t\t\t<\/div>\n\n\t\t\t\t\t\n\t\t\t\t\t\t\t\t\t\t\t<div class=\"pp-info-box-description\">\n\t\t\t\t\t\t\tChuy\u00ean gia t\u01b0 v\u1ea5n gi\u00e1o d\u1ee5c t\u1ea1i Ivy League Elite, \u00f4ng Christopher Vu c\u00f3 nhi\u1ec1u n\u0103m kinh nghi\u1ec7m ph\u00e1t tri\u1ec3n chi\u1ebfn l\u01b0\u1ee3c h\u1ecdc thu\u1eadt v\u00e0 \u0111\u00e0o t\u1ea1o t\u1ea1i c\u00e1c m\u00f4i tr\u01b0\u1eddng gi\u00e1o d\u1ee5c h\u00e0ng \u0111\u1ea7u th\u1ebf gi\u1edbi.\t\t\t\t\t\t<\/div>\n\t\t\t\t\t\t\t\t\t\t\t\t\t\t<\/div>\n\t\t\t<\/div>\n\t\t<\/div>\n\t\t\t\t\t\t<\/div>\n\t\t\t\t<\/div>\n\t\t\t\t\t<\/div>\n\t\t<\/div>\n\t\t\t\t\t<\/div>\n\t\t<\/section>\n\t\t\t\t<section class=\"elementor-section elementor-top-section elementor-element elementor-element-4e4957b elementor-section-content-space-between elementor-section-boxed elementor-section-height-default elementor-section-height-default e-parent\" data-id=\"4e4957b\" data-element_type=\"section\" data-e-type=\"section\">\n\t\t\t\t\t\t<div class=\"elementor-container elementor-column-gap-default\">\n\t\t\t\t\t<div class=\"elementor-column elementor-col-100 elementor-top-column elementor-element elementor-element-ab052c1 lakit-col-width-auto-no\" data-id=\"ab052c1\" data-element_type=\"column\" data-e-type=\"column\">\n\t\t\t<div class=\"elementor-widget-wrap elementor-element-populated\">\n\t\t\t\t\t\t<div class=\"elementor-element elementor-element-e111f88 elementor-widget__width-initial ad_scroll pp-info-box-top elementor-widget elementor-widget-pp-info-box\" data-id=\"e111f88\" data-element_type=\"widget\" data-e-type=\"widget\" data-settings=\"{&quot;icon_position&quot;:&quot;top&quot;}\" data-widget_type=\"pp-info-box.default\">\n\t\t\t\t<div class=\"elementor-widget-container\">\n\t\t\t\t\t\t\t<div class=\"pp-info-box-container\">\n\t\t\t<div class=\"pp-info-box\">\n\t\t\t\t\t\t\t\t\t<div class=\"pp-info-box-icon-wrap\">\n\t\t\t\t\t\t\t\t\t\t\t\t\t\t<span class=\"pp-info-box-icon pp-icon\">\n\t\t\t<img loading=\"lazy\" decoding=\"async\" width=\"800\" height=\"800\" src=\"https:\/\/vietnamtinhhoa.edu.vn\/wp-content\/uploads\/VNTH-Ban-co-van-3.png\" class=\"attachment-full size-full wp-image-13978\" alt=\"\" title=\"\" srcset=\"https:\/\/vietnamtinhhoa.edu.vn\/wp-content\/uploads\/VNTH-Ban-co-van-3.png 800w, https:\/\/vietnamtinhhoa.edu.vn\/wp-content\/uploads\/VNTH-Ban-co-van-3-300x300.png 300w, https:\/\/vietnamtinhhoa.edu.vn\/wp-content\/uploads\/VNTH-Ban-co-van-3-150x150.png 150w, https:\/\/vietnamtinhhoa.edu.vn\/wp-content\/uploads\/VNTH-Ban-co-van-3-768x768.png 768w\" sizes=\"(max-width: 800px) 100vw, 800px\" \/>\t\t<\/span>\n\t\t\t\t\t\t\t\t\t\t\t\t\t<\/div>\n\t\t\t\t\t\t\t\t<div class=\"pp-info-box-content\">\n\t\t\t\t\t<div class=\"pp-info-box-title-wrap\">\n\t\t\t\t\t\t\t\t\t\t\t\t\t<div class=\"pp-info-box-title-container\">\n\t\t\t\t\t\t\t\t<h4 class=\"pp-info-box-title\">\n\t\t\t\t\t\t\t\t\tMs Chau Ta\t\t\t\t\t\t\t\t<\/h4>\n\t\t\t\t\t\t\t<\/div>\n\t\t\t\t\t\t\t\t\t\t\t\t<\/div>\n\n\t\t\t\t\t\n\t\t\t\t\t\t\t\t\t\t\t<div class=\"pp-info-box-description\">\n\t\t\t\t\t\t\t<p>Gi\u00e1m \u0111\u1ed1c \u0110i\u1ec1u h\u00e0nh t\u1ea1i SC Capital Partners Group, b\u00e0 Chau Ta c\u00f3 h\u01a1n 20 n\u0103m kinh nghi\u1ec7m trong l\u0129nh v\u1ef1c t\u00e0i ch\u00ednh v\u00e0 \u0111\u1ea7u t\u01b0, tham gia nhi\u1ec1u giao d\u1ecbch l\u1edbn t\u1ea1i th\u1ecb tr\u01b0\u1eddng ch\u00e2u \u00c1 v\u00e0 qu\u1ed1c t\u1ebf.<\/p>\t\t\t\t\t\t<\/div>\n\t\t\t\t\t\t\t\t\t\t\t\t\t\t<\/div>\n\t\t\t<\/div>\n\t\t<\/div>\n\t\t\t\t\t\t<\/div>\n\t\t\t\t<\/div>\n\t\t\t\t<div class=\"elementor-element elementor-element-0560657 elementor-widget__width-initial elementor-widget-mobile__width-inherit ad_scroll pp-info-box-top elementor-widget elementor-widget-pp-info-box\" data-id=\"0560657\" data-element_type=\"widget\" data-e-type=\"widget\" data-settings=\"{&quot;icon_position&quot;:&quot;top&quot;}\" data-widget_type=\"pp-info-box.default\">\n\t\t\t\t<div class=\"elementor-widget-container\">\n\t\t\t\t\t\t\t<div class=\"pp-info-box-container\">\n\t\t\t<div class=\"pp-info-box\">\n\t\t\t\t\t\t\t\t\t<div class=\"pp-info-box-icon-wrap\">\n\t\t\t\t\t\t\t\t\t\t\t\t\t\t<span class=\"pp-info-box-icon pp-icon\">\n\t\t\t<img loading=\"lazy\" decoding=\"async\" width=\"800\" height=\"800\" src=\"https:\/\/vietnamtinhhoa.edu.vn\/wp-content\/uploads\/VNTH-Ban-co-van-4.png\" class=\"attachment-full size-full wp-image-13988\" alt=\"\" title=\"\" srcset=\"https:\/\/vietnamtinhhoa.edu.vn\/wp-content\/uploads\/VNTH-Ban-co-van-4.png 800w, https:\/\/vietnamtinhhoa.edu.vn\/wp-content\/uploads\/VNTH-Ban-co-van-4-300x300.png 300w, https:\/\/vietnamtinhhoa.edu.vn\/wp-content\/uploads\/VNTH-Ban-co-van-4-150x150.png 150w, https:\/\/vietnamtinhhoa.edu.vn\/wp-content\/uploads\/VNTH-Ban-co-van-4-768x768.png 768w\" sizes=\"(max-width: 800px) 100vw, 800px\" \/>\t\t<\/span>\n\t\t\t\t\t\t\t\t\t\t\t\t\t<\/div>\n\t\t\t\t\t\t\t\t<div class=\"pp-info-box-content\">\n\t\t\t\t\t<div class=\"pp-info-box-title-wrap\">\n\t\t\t\t\t\t\t\t\t\t\t\t\t<div class=\"pp-info-box-title-container\">\n\t\t\t\t\t\t\t\t<h4 class=\"pp-info-box-title\">\n\t\t\t\t\t\t\t\t\tMs Tran Tue Tri\t\t\t\t\t\t\t\t<\/h4>\n\t\t\t\t\t\t\t<\/div>\n\t\t\t\t\t\t\t\t\t\t\t\t<\/div>\n\n\t\t\t\t\t\n\t\t\t\t\t\t\t\t\t\t\t<div class=\"pp-info-box-description\">\n\t\t\t\t\t\t\t<p>\u0110\u1ed3ng s\u00e1ng l\u1eadp Vietnam Brand Purpose, nguy\u00ean CEO Pharmacity, b\u00e0 Tran Tue Tri l\u00e0 chuy\u00ean gia h\u00e0ng \u0111\u1ea7u trong l\u0129nh v\u1ef1c x\u00e2y d\u1ef1ng th\u01b0\u01a1ng hi\u1ec7u v\u00e0 chi\u1ebfn l\u01b0\u1ee3c kinh doanh t\u1ea1i Vi\u1ec7t Nam.<\/p>\t\t\t\t\t\t<\/div>\n\t\t\t\t\t\t\t\t\t\t\t\t\t\t<\/div>\n\t\t\t<\/div>\n\t\t<\/div>\n\t\t\t\t\t\t<\/div>\n\t\t\t\t<\/div>\n\t\t\t\t\t<\/div>\n\t\t<\/div>\n\t\t\t\t\t<\/div>\n\t\t<\/section>\n\t\t\t\t<section class=\"elementor-section elementor-top-section elementor-element elementor-element-399a500 elementor-section-boxed elementor-section-height-default elementor-section-height-default e-parent\" data-id=\"399a500\" data-element_type=\"section\" data-e-type=\"section\">\n\t\t\t\t\t\t<div class=\"elementor-container elementor-column-gap-default\">\n\t\t\t\t\t<div class=\"elementor-column elementor-col-100 elementor-top-column elementor-element elementor-element-087a675 lakit-col-width-auto-no\" data-id=\"087a675\" data-element_type=\"column\" data-e-type=\"column\">\n\t\t\t<div class=\"elementor-widget-wrap elementor-element-populated\">\n\t\t\t\t\t\t<div class=\"elementor-element elementor-element-ea259e3 elementor-widget elementor-widget-text-editor\" data-id=\"ea259e3\" data-element_type=\"widget\" data-e-type=\"widget\" data-widget_type=\"text-editor.default\">\n\t\t\t\t<div class=\"elementor-widget-container\">\n\t\t\t\t\t\t\t\t\t<p>V\u1edbi t\u1ea7m nh\u00ecn chi\u1ebfn l\u01b0\u1ee3c v\u00e0 tr\u1ea3i nghi\u1ec7m th\u1ef1c ti\u1ec5n s\u00e2u r\u1ed9ng, Ban C\u1ed1 V\u1ea5n kh\u00f4ng ch\u1ec9 mang \u0111\u1ebfn ki\u1ebfn th\u1ee9c chuy\u00ean m\u00f4n m\u00e0 c\u00f2n l\u00e0 ngu\u1ed3n c\u1ea3m h\u1ee9ng l\u1edbn, g\u00f3p ph\u1ea7n x\u00e2y d\u1ef1ng n\u1ec1n t\u1ea3ng v\u1eefng ch\u1eafc cho th\u1ebf h\u1ec7 t\u01b0\u01a1ng lai \u2013 nh\u1eefng c\u00f4ng d\u00e2n to\u00e0n c\u1ea7u b\u1ea3n l\u0129nh, s\u00e1ng t\u1ea1o v\u00e0 \u0111\u1ea7y tr\u00e1ch nhi\u1ec7m.<\/p>\t\t\t\t\t\t\t\t<\/div>\n\t\t\t\t<\/div>\n\t\t\t\t\t<\/div>\n\t\t<\/div>\n\t\t\t\t\t<\/div>\n\t\t<\/section>\n\t\t\t\t<\/div>\n\t\t","protected":false},"excerpt":{"rendered":"<p>T\u1ea6M NH\u00ccN T\u01af\u01a0NG LAI VI\u1ec6T NAM TINH HOA C\u00d9NG C\u00c1C CHUY\u00caN GIA H\u00c0NG \u0110\u1ea6U Vi\u1ec7t&#8230;<\/p>\n","protected":false},"author":12,"featured_media":2677,"parent":0,"menu_order":0,"comment_status":"closed","ping_status":"closed","template":"elementor_header_footer","meta":{"_acf_changed":false,"footnotes":""},"class_list":["post-14014","page","type-page","status-publish","has-post-thumbnail","hentry"],"acf":[],"_links":{"self":[{"href":"https:\/\/vietnamtinhhoa.edu.vn\/vi\/wp-json\/wp\/v2\/pages\/14014","targetHints":{"allow":["GET"]}}],"collection":[{"href":"https:\/\/vietnamtinhhoa.edu.vn\/vi\/wp-json\/wp\/v2\/pages"}],"about":[{"href":"https:\/\/vietnamtinhhoa.edu.vn\/vi\/wp-json\/wp\/v2\/types\/page"}],"author":[{"embeddable":true,"href":"https:\/\/vietnamtinhhoa.edu.vn\/vi\/wp-json\/wp\/v2\/users\/12"}],"replies":[{"embeddable":true,"href":"https:\/\/vietnamtinhhoa.edu.vn\/vi\/wp-json\/wp\/v2\/comments?post=14014"}],"version-history":[{"count":7,"href":"https:\/\/vietnamtinhhoa.edu.vn\/vi\/wp-json\/wp\/v2\/pages\/14014\/revisions"}],"predecessor-version":[{"id":14137,"href":"https:\/\/vietnamtinhhoa.edu.vn\/vi\/wp-json\/wp\/v2\/pages\/14014\/revisions\/14137"}],"wp:featuredmedia":[{"embeddable":true,"href":"https:\/\/vietnamtinhhoa.edu.vn\/vi\/wp-json\/wp\/v2\/media\/2677"}],"wp:attachment":[{"href":"https:\/\/vietnamtinhhoa.edu.vn\/vi\/wp-json\/wp\/v2\/media?parent=14014"}],"curies":[{"name":"wp","href":"https:\/\/api.w.org\/{rel}","templated":true}]}}