{"id":10239,"date":"2023-02-02T13:48:40","date_gmt":"2023-02-02T06:48:40","guid":{"rendered":"https:\/\/vietnamtinhhoa.edu.vn\/register-now\/"},"modified":"2025-05-27T10:02:08","modified_gmt":"2025-05-27T03:02:08","slug":"register-now","status":"publish","type":"page","link":"https:\/\/vietnamtinhhoa.edu.vn\/vi\/register-now\/","title":{"rendered":"Register now"},"content":{"rendered":"\t\t<div data-elementor-type=\"wp-page\" data-elementor-id=\"10239\" class=\"elementor elementor-10239 elementor-8944\" data-elementor-post-type=\"page\">\n\t\t\t\t\t\t<section class=\"elementor-section elementor-top-section elementor-element elementor-element-9461089 form-contact-rg-all elementor-section-boxed elementor-section-height-default elementor-section-height-default e-parent\" data-id=\"9461089\" data-element_type=\"section\">\n\t\t\t\t\t\t<div class=\"elementor-container elementor-column-gap-default\">\n\t\t\t\t\t<div class=\"elementor-column elementor-col-100 elementor-top-column elementor-element elementor-element-8a94910 lakit-col-width-auto-no\" data-id=\"8a94910\" data-element_type=\"column\">\n\t\t\t<div class=\"elementor-widget-wrap elementor-element-populated\">\n\t\t\t\t\t\t<div class=\"elementor-element elementor-element-f32c703 elementor-widget elementor-widget-heading\" data-id=\"f32c703\" data-element_type=\"widget\" data-widget_type=\"heading.default\">\n\t\t\t\t<div class=\"elementor-widget-container\">\n\t\t\t\t\t<h2 class=\"elementor-heading-title elementor-size-default\">VIET NAM TINH HOA SUPPORTED BY NLCS INTERNATIONAL SCHOLARSHIP\nPROGRAMME APPLICATION\u00a0<\/h2>\t\t\t\t<\/div>\n\t\t\t\t<\/div>\n\t\t\t\t<div class=\"elementor-element elementor-element-b84e3f5 elementor-widget elementor-widget-heading\" data-id=\"b84e3f5\" data-element_type=\"widget\" data-widget_type=\"heading.default\">\n\t\t\t\t<div class=\"elementor-widget-container\">\n\t\t\t\t\t<h2 class=\"elementor-heading-title elementor-size-default\">PHI\u1ebeU \u0110I\u1ec0N TH\u00d4NG TIN H\u1eccC B\u1ed4NG<\/h2>\t\t\t\t<\/div>\n\t\t\t\t<\/div>\n\t\t\t\t<div class=\"elementor-element elementor-element-31631c7 elementor-widget elementor-widget-shortcode\" data-id=\"31631c7\" data-element_type=\"widget\" data-widget_type=\"shortcode.default\">\n\t\t\t\t<div class=\"elementor-widget-container\">\n\t\t\t\t\t\t\t<div class=\"elementor-shortcode\">\n<div class=\"wpcf7 no-js\" id=\"wpcf7-f14365-o1\" lang=\"en-US\" dir=\"ltr\" data-wpcf7-id=\"14365\">\n<div class=\"screen-reader-response\"><p role=\"status\" aria-live=\"polite\" aria-atomic=\"true\"><\/p> <ul><\/ul><\/div>\n<form action=\"\/vi\/wp-json\/wp\/v2\/pages\/10239#wpcf7-f14365-o1\" method=\"post\" class=\"wpcf7-form init cf7mls-no-scroll cf7mls-no-moving-animation\" aria-label=\"Contact form\" novalidate=\"novalidate\" data-status=\"init\">\n<fieldset class=\"hidden-fields-container\"><input type=\"hidden\" name=\"_wpcf7\" value=\"14365\" \/><input type=\"hidden\" name=\"_wpcf7_version\" value=\"6.1.4\" \/><input type=\"hidden\" name=\"_wpcf7_locale\" value=\"en_US\" \/><input type=\"hidden\" name=\"_wpcf7_unit_tag\" value=\"wpcf7-f14365-o1\" \/><input type=\"hidden\" name=\"_wpcf7_container_post\" value=\"0\" \/><input type=\"hidden\" name=\"_wpcf7_posted_data_hash\" value=\"\" \/><input type=\"hidden\" name=\"_wpcf7cf_hidden_group_fields\" value=\"[]\" \/><input type=\"hidden\" name=\"_wpcf7cf_hidden_groups\" value=\"[]\" \/><input type=\"hidden\" name=\"_wpcf7cf_visible_groups\" value=\"[]\" \/><input type=\"hidden\" name=\"_wpcf7cf_repeaters\" value=\"[]\" \/><input type=\"hidden\" name=\"_wpcf7cf_steps\" value=\"{}\" \/><input type=\"hidden\" name=\"_wpcf7cf_options\" value=\"{&quot;form_id&quot;:14365,&quot;conditions&quot;:[{&quot;then_field&quot;:&quot;group-870&quot;,&quot;and_rules&quot;:[{&quot;if_field&quot;:&quot;radio-357&quot;,&quot;operator&quot;:&quot;equals&quot;,&quot;if_value&quot;:&quot;L\\u1ef0A CH\\u1eccN KH\\u00c1C&quot;}]}],&quot;settings&quot;:{&quot;animation&quot;:&quot;yes&quot;,&quot;animation_intime&quot;:200,&quot;animation_outtime&quot;:200,&quot;conditions_ui&quot;:&quot;normal&quot;,&quot;notice_dismissed&quot;:false,&quot;notice_dismissed_update-cf7-5.6.4&quot;:true}}\" \/><input type=\"hidden\" name=\"_wpcf7_recaptcha_response\" value=\"\" \/>\n<\/fieldset>\n<div class=\"contact-field flex-form\">\n\t<div class=\"contact-field field-form\">\n\t\t<p><span>T\u00caN*<\/span><br \/>\n<span class=\"wpcf7-form-control-wrap\" data-name=\"text-name\"><input size=\"40\" maxlength=\"400\" class=\"wpcf7-form-control wpcf7-text wpcf7-validates-as-required\" aria-required=\"true\" aria-invalid=\"false\" value=\"\" type=\"text\" name=\"text-name\" \/><\/span>\n\t\t<\/p>\n\t<\/div>\n\t<div class=\"contact-field field-form\">\n\t\t<p><span>S\u1ed0 \u0110I\u1ec6N THO\u1ea0I*<\/span><br \/>\n<span class=\"wpcf7-form-control-wrap\" data-name=\"tel-phone\"><input size=\"40\" maxlength=\"400\" minlength=\"10\" class=\"wpcf7-form-control wpcf7-tel wpcf7-validates-as-required wpcf7-text wpcf7-validates-as-tel\" aria-required=\"true\" aria-invalid=\"false\" value=\"\" type=\"tel\" name=\"tel-phone\" \/><\/span>\n\t\t<\/p>\n\t<\/div>\n\t<div class=\"contact-field field-form\">\n\t\t<p><span>Email*<\/span><br \/>\n<span class=\"wpcf7-form-control-wrap\" data-name=\"email-16\"><input size=\"40\" maxlength=\"400\" class=\"wpcf7-form-control wpcf7-email wpcf7-validates-as-required wpcf7-text wpcf7-validates-as-email\" aria-required=\"true\" aria-invalid=\"false\" value=\"\" type=\"email\" name=\"email-16\" \/><\/span>\n\t\t<\/p>\n\t<\/div>\n\t<div class=\"contact-field field-form\">\n\t\t<p><span>B\u1ea0N BI\u1ebeT \u0110\u1ebeN TR\u01af\u1edcNG VI\u1ec6T NAM TINH HOA BY NORTH LONDON COLLEGIATE SCHOOL QUA K\u00caNH N\u00c0O?\u200b *<\/span><br \/>\n<span class=\"wpcf7-form-control-wrap\" data-name=\"radio-357\"><select class=\"wpcf7-form-control wpcf7-select\" aria-invalid=\"false\" name=\"radio-357\"><option value=\"B\u1ea0N B\u00c8\" selected=\"selected\">B\u1ea0N B\u00c8<\/option><option value=\"GIA \u0110\u00ccNH\">GIA \u0110\u00ccNH<\/option><option value=\"M\u1ea0NG X\u00c3 H\u1ed8I\">M\u1ea0NG X\u00c3 H\u1ed8I<\/option><option value=\"C\u00d4NG C\u1ee4 T\u00ccM KI\u1ebeM (GOOGLE, BING)\">C\u00d4NG C\u1ee4 T\u00ccM KI\u1ebeM (GOOGLE, BING)<\/option><option value=\"L\u1ef0A CH\u1eccN KH\u00c1C\">L\u1ef0A CH\u1eccN KH\u00c1C<\/option><\/select><\/span>\n\t\t<\/p>\n\t\t<div data-id=\"group-870\" data-orig_data_id=\"group-870\"  class=\"\" data-class=\"wpcf7cf_group\">\n\t\t\t<p><span class=\"wpcf7-form-control-wrap\" data-name=\"your-other-option\"><input size=\"40\" maxlength=\"400\" class=\"wpcf7-form-control wpcf7-text\" id=\"other-option\" aria-invalid=\"false\" value=\"L\u1ef1a ch\u1ecdn kh\u00e1c...\" type=\"text\" name=\"your-other-option\" \/><\/span>\n\t\t\t<\/p>\n\t\t<\/div>\n\t<\/div>\n<\/div>\n<div class=\"contact-field no-flex form_home\">\n\t<div class=\"contact-field flex-checkbox\">\n\t\t<p><span class=\"wpcf7-form-control-wrap\" data-name=\"checkbox-875\"><span class=\"wpcf7-form-control wpcf7-checkbox\"><span class=\"wpcf7-list-item first last\"><label><input type=\"checkbox\" name=\"checkbox-875[]\" value=\"\" \/><span class=\"wpcf7-list-item-label\"><\/span><\/label><\/span><\/span><\/span><span>T\u00f4i \u0111\u1ed3ng \u00fd<a href=\"#\"> v\u1edbi thu th\u1eadp d\u1eef li\u1ec7u c\u00e1 nh\u00e2n<\/a> <\/span>\n\t\t<\/p>\n\t<\/div>\n\t<p><input class=\"wpcf7-form-control wpcf7-submit has-spinner\" type=\"submit\" value=\"\u0110\u0102NG K\u00cd\" \/>\n\t<\/p>\n<\/div><div class=\"wpcf7-response-output\" aria-hidden=\"true\"><\/div>\n<\/form>\n<\/div>\n<\/div>\n\t\t\t\t\t\t<\/div>\n\t\t\t\t<\/div>\n\t\t\t\t\t<\/div>\n\t\t<\/div>\n\t\t\t\t\t<\/div>\n\t\t<\/section>\n\t\t\t\t<\/div>\n\t\t","protected":false},"excerpt":{"rendered":"<p>VIET NAM TINH HOA SUPPORTED BY NLCS INTERNATIONAL SCHOLARSHIP PROGRAMME APPLICATION\u00a0 PHI\u1ebeU \u0110I\u1ec0N TH\u00d4NG TIN&#8230;<\/p>\n","protected":false},"author":12,"featured_media":2677,"parent":0,"menu_order":0,"comment_status":"closed","ping_status":"closed","template":"elementor_header_footer","meta":{"_acf_changed":false,"footnotes":""},"class_list":["post-10239","page","type-page","status-publish","has-post-thumbnail","hentry"],"acf":[],"_links":{"self":[{"href":"https:\/\/vietnamtinhhoa.edu.vn\/vi\/wp-json\/wp\/v2\/pages\/10239","targetHints":{"allow":["GET"]}}],"collection":[{"href":"https:\/\/vietnamtinhhoa.edu.vn\/vi\/wp-json\/wp\/v2\/pages"}],"about":[{"href":"https:\/\/vietnamtinhhoa.edu.vn\/vi\/wp-json\/wp\/v2\/types\/page"}],"author":[{"embeddable":true,"href":"https:\/\/vietnamtinhhoa.edu.vn\/vi\/wp-json\/wp\/v2\/users\/12"}],"replies":[{"embeddable":true,"href":"https:\/\/vietnamtinhhoa.edu.vn\/vi\/wp-json\/wp\/v2\/comments?post=10239"}],"version-history":[{"count":5,"href":"https:\/\/vietnamtinhhoa.edu.vn\/vi\/wp-json\/wp\/v2\/pages\/10239\/revisions"}],"predecessor-version":[{"id":14368,"href":"https:\/\/vietnamtinhhoa.edu.vn\/vi\/wp-json\/wp\/v2\/pages\/10239\/revisions\/14368"}],"wp:featuredmedia":[{"embeddable":true,"href":"https:\/\/vietnamtinhhoa.edu.vn\/vi\/wp-json\/wp\/v2\/media\/2677"}],"wp:attachment":[{"href":"https:\/\/vietnamtinhhoa.edu.vn\/vi\/wp-json\/wp\/v2\/media?parent=10239"}],"curies":[{"name":"wp","href":"https:\/\/api.w.org\/{rel}","templated":true}]}}